{"id":12,"date":"2026-05-13T07:08:49","date_gmt":"2026-05-13T07:08:49","guid":{"rendered":"https:\/\/playground.lena.events\/?page_id=12"},"modified":"2026-05-13T07:08:52","modified_gmt":"2026-05-13T07:08:52","slug":"historyattach","status":"publish","type":"page","link":"https:\/\/playground.lena.events\/?page_id=12","title":{"rendered":"Detail of a previous order (attachment)"},"content":{"rendered":"<hr>\n<p><H1>playground.lena.events, 24 &#8211; 27 June 20250, Hambourg, Germany, Europe (World)<\/H1><\/p>\n<hr>\n<p>&nbsp;<br \/>\n<B>User must be logged for seeing the contents.<\/B><br \/>\n&nbsp;<br \/>\n&nbsp;<br \/>\n&nbsp;<\/p>\n<hr>\n<p>&nbsp;<br \/>\n<center><img decoding=\"async\" width=\"100\" src=\"https:\/\/cdn.lena.events\/logos\/lenagroup.png\"><\/center><br \/>\n&nbsp;<br \/>\nLena Corporation S.A.M. - Lena Group<br>\r\nOrganising Secretariat<br>\r\n<a href=\"mailto:playground@lena.events\">playground@lena.events<\/a><br>\r\n74, Boulevard d Italie<br>\r\nMC98000 Monaco<br>\r\nTel. + 377 97 97 35 55<br>\r\n<a href=\"https:\/\/playground.lena.events\/\">https:\/\/playground.lena.events\/<\/a><br>\r\n<br>\r\n<br>\r\nThis e-mail and any attachments are confidential and for the exclusive use of the recipient\/s. This message may not be copied, printed or forwarded without sender's prior authorization. Its misuse violates the protection of personal data law and the confidentiality of correspondence provision. If you have erroneously received this e-mail, please delete it with any attachments, and inform us immediately. Thank You.<br>\r\n<br>\r\nCe document et toutes les pi\u00e8ces jointes sont confidentiels et r\u00e9serv\u00e9s \u00e0 l'usage exclusif du destinataire \/ s. Ce message ne peut \u00eatre copi\u00e9, reproduit, transmis sans autorisation pr\u00e9alable de l'exp\u00e9diteur. Son utilisation abusive viole la protection du droit des donn\u00e9es personnelles et la confidentialit\u00e9 de la prestation de correspondance. Si vous avez re\u00e7u par erreur cet e-mail, s'il vous pla\u00eet supprimer avec toutes les pi\u00e8ces jointes, et nous en informer imm\u00e9diatement. Merci.<br>\r\n<br>\r\nQuesta e-mail ed eventuali allegati sono riservati e ad uso esclusivo del\/i destinatario\/i. ll presente messaggio non pu\u00f2 essere copiato, stampato o inoltrato senza preventiva autorizzazione del mittente. L'uso improprio costituisce violazione della normativa sulla protezione dei dati personali e della segretezza della corrispondenza. Se avete ricevuto questo messaggio per errore, Vi preghiamo di cancellarlo insieme ad ogni suo allegato, dandocene immediata notizia. Grazie.<br>\r\n<br><\/p>\n <script type=\"text\/javascript\"> if (typeof(f_tFlgVISA) === typeof(Function))  \tf_tFlgVISA(null);  if (typeof(f_tFlgAllergia) === typeof(Function))  \tf_tFlgAllergia(null);  if (typeof(f_IDTipologia) === typeof(Function)) {  \tvar eObjTYPE = document.getElementById(\"id_IDTipologia\");  \tf_IDTipologia(eObjTYPE);  }  if (typeof(f_IDAttivita) === typeof(Function)) {  \tvar etFlgActivity = document.getElementById(\"id_IDAttivita\");  \tf_IDAttivita(etFlgActivity);  }  if (typeof(f_IDNazionalita) === typeof(Function)) {  \tvar etFlgNazionalita = document.getElementById(\"id_IDNazionalita\");  \tf_IDNazionalita(etFlgNazionalita);  }  if (typeof(f_IndFattIDNazione) === typeof(Function))  \tf_IndFattIDNazione(null);  <\/script>","protected":false},"excerpt":{"rendered":"<p>playground.lena.events, 24 &#8211; 27 June 20250, Hambourg, Germany, Europe (World) &nbsp; User must be logged for seeing the contents. &nbsp; &nbsp; &nbsp; &nbsp; &nbsp; Lena Corporation S.A.M. &#8211; Lena Group Organising Secretariat playground@lena.events 74, Boulevard d Italie MC98000 Monaco Tel. + 377 97 97 35 55 https:\/\/playground.lena.events\/ This e-mail and any attachments are confidential and &hellip; <\/p>\n<p class=\"link-more\"><a href=\"https:\/\/playground.lena.events\/?page_id=12\" class=\"more-link\">Continue reading<span class=\"screen-reader-text\"> &#8220;Detail of a previous order (attachment)&#8221;<\/span><\/a><\/p>\n","protected":false},"author":1,"featured_media":0,"parent":6,"menu_order":14,"comment_status":"closed","ping_status":"closed","template":"","meta":{"footnotes":""},"class_list":["post-12","page","type-page","status-publish","hentry"],"_links":{"self":[{"href":"https:\/\/playground.lena.events\/index.php?rest_route=\/wp\/v2\/pages\/12","targetHints":{"allow":["GET"]}}],"collection":[{"href":"https:\/\/playground.lena.events\/index.php?rest_route=\/wp\/v2\/pages"}],"about":[{"href":"https:\/\/playground.lena.events\/index.php?rest_route=\/wp\/v2\/types\/page"}],"author":[{"embeddable":true,"href":"https:\/\/playground.lena.events\/index.php?rest_route=\/wp\/v2\/users\/1"}],"replies":[{"embeddable":true,"href":"https:\/\/playground.lena.events\/index.php?rest_route=%2Fwp%2Fv2%2Fcomments&post=12"}],"version-history":[{"count":1,"href":"https:\/\/playground.lena.events\/index.php?rest_route=\/wp\/v2\/pages\/12\/revisions"}],"predecessor-version":[{"id":70,"href":"https:\/\/playground.lena.events\/index.php?rest_route=\/wp\/v2\/pages\/12\/revisions\/70"}],"up":[{"embeddable":true,"href":"https:\/\/playground.lena.events\/index.php?rest_route=\/wp\/v2\/pages\/6"}],"wp:attachment":[{"href":"https:\/\/playground.lena.events\/index.php?rest_route=%2Fwp%2Fv2%2Fmedia&parent=12"}],"curies":[{"name":"wp","href":"https:\/\/api.w.org\/{rel}","templated":true}]}}